{"id":3371,"date":"2019-07-07T13:25:37","date_gmt":"2019-07-07T12:25:37","guid":{"rendered":"https:\/\/sattenbeuren.s34.fbserver.de\/tsi\/?page_id=3371"},"modified":"2020-01-13T17:36:39","modified_gmt":"2020-01-13T16:36:39","slug":"impressum","status":"publish","type":"page","link":"https:\/\/tsi-bau.com\/?page_id=3371","title":{"rendered":"Impressum"},"content":{"rendered":"<p>[vc_row][vc_column][vc_custom_heading text=&#8220;Impressum&#8220; font_container=&#8220;tag:h1|text_align:left&#8220; use_theme_fonts=&#8220;yes&#8220; css=&#8220;.vc_custom_1562502692799{margin-top: 40px !important;margin-bottom: 50px !important;}&#8220;][vc_column_text]<\/p>\n<div class=\"vc_row wpb_row vc_row-fluid\">\n<div class=\"wpb_column vc_column_container vc_col-sm-12\">\n<div class=\"vc_column-inner\">\n<div class=\"wpb_wrapper\">\n<div class=\"wpb_text_column wpb_content_element \">\n<div class=\"wpb_wrapper\">\n<p><strong>Angaben gem\u00e4\u00df \u00a7 5 TMG:<\/strong><\/p>\n<p><span style=\"color: #005685;\">TSI-Bau GmbH<\/span><\/p>\n<p>Moniberg 36<br \/>\n84028 Landshut<\/p>\n<p>&nbsp;<\/p>\n<p><strong>Vertreten durch:<\/strong><\/p>\n<p>Rainer Sautter<\/p>\n<p>&nbsp;<\/p>\n<p><strong>Kontakt:<\/strong><\/p>\n<p>Telefon: 0170 6520427<\/p>\n<p><span style=\"color: #010101;\">E-Mail: <a href=\"mailto:tsi.wohnen@aol.com\">tsi.wohnen@aol.com<\/a><\/span><\/p>\n<p>&nbsp;<\/p>\n<p><strong>Umsatzsteuer:<\/strong><\/p>\n<p>Umsatzsteuer-Identifikationsnummer gem\u00e4\u00df \u00a727 a Umsatzsteuergesetz: DE322531701<\/p>\n<p>&nbsp;<\/p>\n<p><strong>Konzeption, Gestaltung, Umsetzung, Hosting, Suchmaschinenmarketing:<\/strong><\/p>\n<p><a href=\"https:\/\/stsmedia.de\" target=\"_blank\" rel=\"noopener noreferrer\"><img loading=\"lazy\" decoding=\"async\" class=\"alignnone size-medium wp-image-3372\" src=\"https:\/\/tsi-bau.com\/wp-content\/uploads\/2019\/07\/logo-neu-300x63.png\" alt=\"\" width=\"300\" height=\"63\" srcset=\"https:\/\/tsi-bau.com\/wp-content\/uploads\/2019\/07\/logo-neu-300x63.png 300w, https:\/\/tsi-bau.com\/wp-content\/uploads\/2019\/07\/logo-neu.png 400w\" sizes=\"(max-width: 300px) 100vw, 300px\" \/><\/a><\/p>\n<p>&nbsp;<\/p>\n<p><strong>Keine Abmahnung ohne vorherigen Kontakt!<\/strong><\/p>\n<p>Sollten der Inhalt oder die Aufmachung dieser Seiten fremde Rechte Dritter oder gesetzliche Bestimmungen verletzen, so bitten wir um eine entsprechende Nachricht ohne Kostennote. Die Beseitigung einer m\u00f6glicherweise von diesen Seiten ausgehenden Schutzrecht-Verletzung durch Schutzrecht-InhaberInnen selbst darf nicht ohne unsere Zustimmung stattfinden. Wir garantieren, dass die zu Recht beanstandeten Passagen unverz\u00fcglich entfernt werden, ohne dass von Ihrer Seite die Einschaltung eines Rechtsbeistandes erforderlich ist.<\/p>\n<p>&nbsp;<\/p>\n<p><strong>Haftung f\u00fcr Inhalte<\/strong><\/p>\n<p>Die Inhalte unserer Seiten wurden mit gr\u00f6\u00dfter Sorgfalt erstellt. F\u00fcr die Richtigkeit, Vollst\u00e4ndigkeit und Aktualit\u00e4t der Inhalte k\u00f6nnen wir jedoch keine Gew\u00e4hr \u00fcbernehmen.<\/p>\n<p>Als Diensteanbieter sind wir gem\u00e4\u00df \u00a7 7 Abs.1 TMG f\u00fcr eigene Inhalte auf diesen Seiten nach den allgemeinen Gesetzen verantwortlich. Nach \u00a7\u00a7 8 bis 10 TMG sind wir als Diensteanbieter jedoch nicht verpflichtet, \u00fcbermittelte oder gespeicherte fremde Informationen zu \u00fcberwachen oder nach Umst\u00e4nden zu forschen, die auf eine rechtswidrige T\u00e4tigkeit hinweisen. Verpflichtungen zur Entfernung oder Sperrung der Nutzung von Informationen nach den allgemeinen Gesetzen bleiben hiervon unber\u00fchrt. Eine diesbez\u00fcgliche Haftung ist jedoch erst ab dem Zeitpunkt der Kenntnis einer konkreten Rechtsverletzung m\u00f6glich. Bei bekannt werden von entsprechenden Rechtsverletzungen werden wir diese Inhalte umgehend entfernen.<\/p>\n<p>&nbsp;<\/p>\n<p><strong>Haftung f\u00fcr Links<\/strong><\/p>\n<p>Unser Angebot enth\u00e4lt Links zu externen Webseiten Dritter, auf deren Inhalte wir keinen Einfluss haben. Deshalb k\u00f6nnen wir f\u00fcr diese fremden Inhalte auch keine Gew\u00e4hr \u00fcbernehmen. F\u00fcr die Inhalte der verlinkten Seiten ist stets der jeweilige Anbieter oder Betreiber der Seiten verantwortlich. Die verlinkten Seiten wurden zum Zeitpunkt der Verlinkung (letztmalig am 21.12.2018) auf m\u00f6gliche Rechtsverst\u00f6\u00dfe \u00fcberpr\u00fcft. Rechtswidrige Inhalte waren zum Zeitpunkt der Verlinkung nicht erkennbar. Eine permanente inhaltliche Kontrolle der verlinkten Seiten ist jedoch ohne konkrete Anhaltspunkte einer Rechtsverletzung nicht zumutbar. Bei bekannt werden von Rechtsverletzungen werden wir derartige Links umgehend entfernen.<\/p>\n<p>&nbsp;<\/p>\n<p><strong>Urheberrecht<\/strong><\/p>\n<p>Die durch uns erstellten Inhalte und Werke auf diesen Seiten unterliegen dem deutschen Urheberrecht. Beitr\u00e4ge Dritter sind als solche gekennzeichnet.<\/p>\n<p>Die Vervielf\u00e4ltigung, Bearbeitung, Verbreitung und jede Art der Verwertung au\u00dferhalb der Grenzen des Urheberrechtes bed\u00fcrfen der schriftlichen Zustimmung des jeweiligen Autors bzw. Erstellers. Downloads und Kopien dieser Seite sind nur f\u00fcr den privaten, nicht kommerziellen Gebrauch gestattet. Eine erneute Ver\u00f6ffentlichung oder das zur Verf\u00fcgung stellen von Inhalten dieser Seite im Internet, auch auf privaten Seiten, ist nicht zul\u00e4ssig, au\u00dfer es liegt eine entsprechende Genehmigung vor.<\/p>\n<p>Wir sind bem\u00fcht, stets die Urheberrechte anderer zu beachten bzw. auf selbst erstellte sowie lizenzfreie Werke zur\u00fcckzugreifen.<\/p>\n<p>Soweit die Inhalte auf dieser Seite nicht uns erstellt wurden (z.B. Kommentare), werden die Urheberrechte Dritter beachtet. Insbesondere werden Inhalte Dritter als solche gekennzeichnet. Sollten Sie trotzdem auf eine Urheberrechtsverletzung aufmerksam werden, bitten wir um entsprechende Nachricht. Bei Bekanntwerden von Rechtsverletzungen werden wir solche Inhalte unverz\u00fcglich entfernen.<\/p>\n<p>&nbsp;<\/p>\n<p>&nbsp;<\/p>\n<p>Stand dieser Seite: 11.11.2019<\/p>\n<\/div>\n<\/div>\n<\/div>\n<\/div>\n<\/div>\n<\/div>\n<p>[\/vc_column_text][\/vc_column][\/vc_row]<\/p>\n","protected":false},"excerpt":{"rendered":"<p>[vc_row][vc_column][vc_custom_heading text=&#8220;Impressum&#8220; font_container=&#8220;tag:h1|text_align:left&#8220; use_theme_fonts=&#8220;yes&#8220; css=&#8220;.vc_custom_1562502692799{margin-top: 40px !important;margin-bottom: 50px !important;}&#8220;][vc_column_text] Angaben gem\u00e4\u00df \u00a7 5 TMG: TSI-Bau GmbH Moniberg 36 84028 Landshut &nbsp; Vertreten durch: Rainer Sautter &nbsp; Kontakt: Telefon: 0170 6520427 E-Mail: tsi.wohnen@aol.com &nbsp; Umsatzsteuer: Umsatzsteuer-Identifikationsnummer gem\u00e4\u00df \u00a727 a Umsatzsteuergesetz: DE322531701 &nbsp; Konzeption, Gestaltung, Umsetzung, Hosting, Suchmaschinenmarketing: &nbsp; Keine Abmahnung ohne vorherigen Kontakt! Sollten der Inhalt [&hellip;]<\/p>\n","protected":false},"author":1,"featured_media":0,"parent":0,"menu_order":0,"comment_status":"closed","ping_status":"closed","template":"","meta":{"footnotes":""},"_links":{"self":[{"href":"https:\/\/tsi-bau.com\/index.php?rest_route=\/wp\/v2\/pages\/3371"}],"collection":[{"href":"https:\/\/tsi-bau.com\/index.php?rest_route=\/wp\/v2\/pages"}],"about":[{"href":"https:\/\/tsi-bau.com\/index.php?rest_route=\/wp\/v2\/types\/page"}],"author":[{"embeddable":true,"href":"https:\/\/tsi-bau.com\/index.php?rest_route=\/wp\/v2\/users\/1"}],"replies":[{"embeddable":true,"href":"https:\/\/tsi-bau.com\/index.php?rest_route=%2Fwp%2Fv2%2Fcomments&post=3371"}],"version-history":[{"count":7,"href":"https:\/\/tsi-bau.com\/index.php?rest_route=\/wp\/v2\/pages\/3371\/revisions"}],"predecessor-version":[{"id":3407,"href":"https:\/\/tsi-bau.com\/index.php?rest_route=\/wp\/v2\/pages\/3371\/revisions\/3407"}],"wp:attachment":[{"href":"https:\/\/tsi-bau.com\/index.php?rest_route=%2Fwp%2Fv2%2Fmedia&parent=3371"}],"curies":[{"name":"wp","href":"https:\/\/api.w.org\/{rel}","templated":true}]}}